{"id":1021,"date":"2025-04-14T17:01:48","date_gmt":"2025-04-14T17:01:48","guid":{"rendered":"https:\/\/trakii.ai\/?page_id=1021"},"modified":"2025-05-21T15:10:14","modified_gmt":"2025-05-21T15:10:14","slug":"blog","status":"publish","type":"page","link":"https:\/\/trakii.ai\/en\/blog\/","title":{"rendered":"Blog"},"content":{"rendered":"<div data-elementor-type=\"wp-page\" data-elementor-id=\"1021\" class=\"elementor elementor-1021\" data-elementor-post-type=\"page\">\n\t\t\t\t<div class=\"elementor-element elementor-element-45fb16ef e-flex e-con-boxed e-con e-parent\" data-id=\"45fb16ef\" data-element_type=\"container\" data-e-type=\"container\" data-settings=\"{&quot;background_background&quot;:&quot;classic&quot;}\">\n\t\t\t\t\t<div class=\"e-con-inner\">\n\t\t<div class=\"elementor-element elementor-element-5294d6d7 e-con-full e-flex e-con e-child\" data-id=\"5294d6d7\" data-element_type=\"container\" data-e-type=\"container\">\n\t\t\t\t<div class=\"elementor-element elementor-element-7cd6b70a elementor-widget elementor-widget-gum_heading\" data-id=\"7cd6b70a\" data-element_type=\"widget\" data-e-type=\"widget\" data-widget_type=\"gum_heading.default\">\n\t\t\t\t<div class=\"elementor-widget-container\">\n\t\t\t\t\t<div class=\"gum-widget-title\"><h1 class=\"section-main-title size-default\">Blog<\/h1><\/div>\t\t\t\t<\/div>\n\t\t\t\t<\/div>\n\t\t\t\t<div class=\"elementor-element elementor-element-5d7343c3 elementor-widget elementor-widget-heading\" data-id=\"5d7343c3\" data-element_type=\"widget\" data-e-type=\"widget\" data-widget_type=\"heading.default\">\n\t\t\t\t<div class=\"elementor-widget-container\">\n\t\t\t\t\t<h2 class=\"elementor-heading-title elementor-size-default\">A Transforma\u00e7\u00e3o do Setor P\u00fablico<\/h2>\t\t\t\t<\/div>\n\t\t\t\t<\/div>\n\t\t\t\t<\/div>\n\t\t<div class=\"elementor-element elementor-element-7e098169 e-con-full e-flex e-con e-child\" data-id=\"7e098169\" data-element_type=\"container\" data-e-type=\"container\">\n\t\t<div class=\"elementor-element elementor-element-52c4cfdf e-con-full animated-fast e-flex elementor-invisible e-con e-child\" data-id=\"52c4cfdf\" data-element_type=\"container\" data-e-type=\"container\" data-settings=\"{&quot;background_background&quot;:&quot;classic&quot;,&quot;position&quot;:&quot;absolute&quot;,&quot;animation&quot;:&quot;fadeInUp&quot;,&quot;animation_mobile&quot;:&quot;none&quot;}\">\n\t\t\t\t<div class=\"elementor-element elementor-element-62b0ae41 elementor-view-default elementor-widget elementor-widget-icon\" data-id=\"62b0ae41\" data-element_type=\"widget\" data-e-type=\"widget\" data-widget_type=\"icon.default\">\n\t\t\t\t<div class=\"elementor-widget-container\">\n\t\t\t\t\t\t\t<div class=\"elementor-icon-wrapper\">\n\t\t\t<div class=\"elementor-icon\">\n\t\t\t<svg aria-hidden=\"true\" class=\"e-font-icon-svg e-fas-user-friends\" viewbox=\"0 0 640 512\" xmlns=\"http:\/\/www.w3.org\/2000\/svg\"><path d=\"M192 256c61.9 0 112-50.1 112-112S253.9 32 192 32 80 82.1 80 144s50.1 112 112 112zm76.8 32h-8.3c-20.8 10-43.9 16-68.5 16s-47.6-6-68.5-16h-8.3C51.6 288 0 339.6 0 403.2V432c0 26.5 21.5 48 48 48h288c26.5 0 48-21.5 48-48v-28.8c0-63.6-51.6-115.2-115.2-115.2zM480 256c53 0 96-43 96-96s-43-96-96-96-96 43-96 96 43 96 96 96zm48 32h-3.8c-13.9 4.8-28.6 8-44.2 8s-30.3-3.2-44.2-8H432c-20.4 0-39.2 5.9-55.7 15.4 24.4 26.3 39.7 61.2 39.7 99.8v38.4c0 2.2-.5 4.3-.6 6.4H592c26.5 0 48-21.5 48-48 0-61.9-50.1-112-112-112z\"><\/path><\/svg>\t\t\t<\/div>\n\t\t<\/div>\n\t\t\t\t\t\t<\/div>\n\t\t\t\t<\/div>\n\t\t\t\t<div class=\"elementor-element elementor-element-411642a0 counter-align_left elementor-widget__width-initial elementor-widget elementor-widget-counter\" data-id=\"411642a0\" data-element_type=\"widget\" data-e-type=\"widget\" data-widget_type=\"counter.default\">\n\t\t\t\t<div class=\"elementor-widget-container\">\n\t\t\t\t\t\t\t<div class=\"elementor-counter\">\n\t\t\t<span class=\"elementor-counter-title\"> Users<\/span>\t\t\t<div class=\"elementor-counter-number-wrapper\">\n\t\t\t\t<span class=\"elementor-counter-number-prefix\"><\/span>\n\t\t\t\t<span class=\"elementor-counter-number\" data-duration=\"2000\" data-to-value=\"4\" data-from-value=\"0\" data-delimiter=\" \">0<\/span>\n\t\t\t\t<span class=\"elementor-counter-number-suffix\"> k<\/span>\n\t\t\t<\/div>\n\t\t<\/div>\n\t\t\t\t\t\t<\/div>\n\t\t\t\t<\/div>\n\t\t\t\t<\/div>\n\t\t<div class=\"elementor-element elementor-element-3f27be56 e-con-full e-flex e-con e-child\" data-id=\"3f27be56\" data-element_type=\"container\" data-e-type=\"container\">\n\t\t\t\t<div class=\"elementor-element elementor-element-1cd7309d elementor-widget elementor-widget-image\" data-id=\"1cd7309d\" data-element_type=\"widget\" data-e-type=\"widget\" data-widget_type=\"image.default\">\n\t\t\t\t<div class=\"elementor-widget-container\">\n\t\t\t\t\t\t\t\t\t\t\t\t\t\t\t<img data-recalc-dims=\"1\" decoding=\"async\" src=\"https:\/\/i0.wp.com\/trakii.ai\/wp-content\/uploads\/elementor\/thumbs\/happy-old-professional-business-man-holding-phone-2023-11-27-05-12-40-utc-r373ujwpd68ijmj9pabuhdo37qfl7hsulbxs4lrjwk.jpg?w=800&#038;ssl=1\" title=\"happy-old-professional-business-man-holding-phone-2023-11-27-05-12-40-utc.jpg\" alt=\"happy-old-professional-business-man-holding-phone-2023-11-27-05-12-40-utc.jpg\" loading=\"lazy\" \/>\t\t\t\t\t\t\t\t\t\t\t\t\t\t\t<\/div>\n\t\t\t\t<\/div>\n\t\t\t\t<\/div>\n\t\t<div class=\"elementor-element elementor-element-3fe38afe e-con-full animated-fast e-flex elementor-invisible e-con e-child\" data-id=\"3fe38afe\" data-element_type=\"container\" data-e-type=\"container\" data-settings=\"{&quot;background_background&quot;:&quot;classic&quot;,&quot;position&quot;:&quot;absolute&quot;,&quot;animation&quot;:&quot;fadeInUp&quot;,&quot;animation_mobile&quot;:&quot;none&quot;}\">\n\t\t\t\t<div class=\"elementor-element elementor-element-59192b07 elementor-view-default elementor-widget elementor-widget-icon\" data-id=\"59192b07\" data-element_type=\"widget\" data-e-type=\"widget\" data-widget_type=\"icon.default\">\n\t\t\t\t<div class=\"elementor-widget-container\">\n\t\t\t\t\t\t\t<div class=\"elementor-icon-wrapper\">\n\t\t\t<div class=\"elementor-icon\">\n\t\t\t<svg aria-hidden=\"true\" class=\"e-font-icon-svg e-fas-chart-line\" viewbox=\"0 0 512 512\" xmlns=\"http:\/\/www.w3.org\/2000\/svg\"><path d=\"M496 384H64V80c0-8.84-7.16-16-16-16H16C7.16 64 0 71.16 0 80v336c0 17.67 14.33 32 32 32h464c8.84 0 16-7.16 16-16v-32c0-8.84-7.16-16-16-16zM464 96H345.94c-21.38 0-32.09 25.85-16.97 40.97l32.4 32.4L288 242.75l-73.37-73.37c-12.5-12.5-32.76-12.5-45.25 0l-68.69 68.69c-6.25 6.25-6.25 16.38 0 22.63l22.62 22.62c6.25 6.25 16.38 6.25 22.63 0L192 237.25l73.37 73.37c12.5 12.5 32.76 12.5 45.25 0l96-96 32.4 32.4c15.12 15.12 40.97 4.41 40.97-16.97V112c.01-8.84-7.15-16-15.99-16z\"><\/path><\/svg>\t\t\t<\/div>\n\t\t<\/div>\n\t\t\t\t\t\t<\/div>\n\t\t\t\t<\/div>\n\t\t\t\t<div class=\"elementor-element elementor-element-6c93de67 elementor-widget elementor-widget-counter\" data-id=\"6c93de67\" data-element_type=\"widget\" data-e-type=\"widget\" data-widget_type=\"counter.default\">\n\t\t\t\t<div class=\"elementor-widget-container\">\n\t\t\t\t\t\t\t<div class=\"elementor-counter\">\n\t\t\t<span class=\"elementor-counter-title\">Impress\u00f5es<\/span>\t\t\t<div class=\"elementor-counter-number-wrapper\">\n\t\t\t\t<span class=\"elementor-counter-number-prefix\"><\/span>\n\t\t\t\t<span class=\"elementor-counter-number\" data-duration=\"2000\" data-to-value=\"7.5\" data-from-value=\"0\" data-delimiter=\" \">0<\/span>\n\t\t\t\t<span class=\"elementor-counter-number-suffix\">k <\/span>\n\t\t\t<\/div>\n\t\t<\/div>\n\t\t\t\t\t\t<\/div>\n\t\t\t\t<\/div>\n\t\t\t\t<\/div>\n\t\t\t\t<\/div>\n\t\t\t\t\t<\/div>\n\t\t\t\t<\/div>\n\t\t<div class=\"elementor-element elementor-element-41be2218 e-flex e-con-boxed e-con e-parent\" data-id=\"41be2218\" data-element_type=\"container\" data-e-type=\"container\" data-settings=\"{&quot;animation_mobile&quot;:&quot;none&quot;,&quot;background_background&quot;:&quot;classic&quot;}\">\n\t\t\t\t\t<div class=\"e-con-inner\">\n\t\t<div class=\"elementor-element elementor-element-7342da61 e-con-full e-flex e-con e-child\" data-id=\"7342da61\" data-element_type=\"container\" data-e-type=\"container\" data-settings=\"{&quot;background_background&quot;:&quot;classic&quot;}\">\n\t\t\t\t<div class=\"elementor-element elementor-element-39a24426 elementor-widget elementor-widget-heading\" data-id=\"39a24426\" data-element_type=\"widget\" data-e-type=\"widget\" data-widget_type=\"heading.default\">\n\t\t\t\t<div class=\"elementor-widget-container\">\n\t\t\t\t\t<div class=\"elementor-heading-title elementor-size-default\">Post #105<\/div>\t\t\t\t<\/div>\n\t\t\t\t<\/div>\n\t\t\t\t<div class=\"elementor-element elementor-element-45f7f318 elementor-widget elementor-widget-gum_heading\" data-id=\"45f7f318\" data-element_type=\"widget\" data-e-type=\"widget\" data-widget_type=\"gum_heading.default\">\n\t\t\t\t<div class=\"elementor-widget-container\">\n\t\t\t\t\t<div class=\"gum-widget-title\"><h1 class=\"section-main-title size-default\"><span class=\"prefix\"><\/span><span class=\"maintitle\">Como a Inova\u00e7\u00e3o Pode Revolucionar a Gest\u00e3o de Servi\u00e7os e a Participa\u00e7\u00e3o Cidad\u00e3<\/span><span class=\"subfix\"><\/span><\/h1><\/div>\t\t\t\t<\/div>\n\t\t\t\t<\/div>\n\t\t\t\t<div class=\"elementor-element elementor-element-148d2cab elementor-widget elementor-widget-text-editor\" data-id=\"148d2cab\" data-element_type=\"widget\" data-e-type=\"widget\" data-widget_type=\"text-editor.default\">\n\t\t\t\t<div class=\"elementor-widget-container\">\n\t\t\t\t\t\t\t\t\t<p>Voc\u00ea sabia que cerca de 60% dos cidad\u00e3os se sentem insatisfeitos com os servi\u00e7os p\u00fablicos que recebem? Esta realidade evidencia a urg\u00eancia de transforma\u00e7\u00f5es no setor p\u00fablico, que ainda se baseia em modelos operacionais tradicionais, desatualizados e ineficientes. O problema \u00e9 claro: a falta de inova\u00e7\u00e3o e integra\u00e7\u00e3o nos servi\u00e7os prestados afeta diretamente a qualidade da participa\u00e7\u00e3o cidad\u00e3. Continue lendo e descubra como a inova\u00e7\u00e3o pode mudar esse cen\u00e1rio.<\/p>\t\t\t\t\t\t\t\t<\/div>\n\t\t\t\t<\/div>\n\t\t\t\t<div class=\"elementor-element elementor-element-ec61fec elementor-widget__width-inherit elementor-widget elementor-widget-image\" data-id=\"ec61fec\" data-element_type=\"widget\" data-e-type=\"widget\" data-widget_type=\"image.default\">\n\t\t\t\t<div class=\"elementor-widget-container\">\n\t\t\t\t\t\t\t\t\t\t\t\t\t\t\t<img data-recalc-dims=\"1\" decoding=\"async\" src=\"https:\/\/i0.wp.com\/trakii.ai\/wp-content\/uploads\/elementor\/thumbs\/businessman-doing-a-presentation-in-a-meeting-with-2023-11-27-05-30-15-utc-r4ctrtdm1wfk511xpxstthri241nmogwmek3we6by8.jpg?w=800&#038;ssl=1\" title=\"businessman-doing-a-presentation-in-a-meeting-with-2023-11-27-05-30-15-utc.jpg\" alt=\"businessman-doing-a-presentation-in-a-meeting-with-2023-11-27-05-30-15-utc.jpg\" loading=\"lazy\" \/>\t\t\t\t\t\t\t\t\t\t\t\t\t\t\t<\/div>\n\t\t\t\t<\/div>\n\t\t\t\t<div class=\"elementor-element elementor-element-d412fc5 elementor-widget elementor-widget-gum_heading\" data-id=\"d412fc5\" data-element_type=\"widget\" data-e-type=\"widget\" data-widget_type=\"gum_heading.default\">\n\t\t\t\t<div class=\"elementor-widget-container\">\n\t\t\t\t\t<div class=\"gum-widget-title\"><h1 class=\"section-main-title size-default\"><span class=\"prefix\"><\/span><span class=\"maintitle\">As Dores do Setor P\u00fablico<\/span><span class=\"subfix\"><\/span><\/h1><\/div>\t\t\t\t<\/div>\n\t\t\t\t<\/div>\n\t\t\t\t<div class=\"elementor-element elementor-element-1cef6fe elementor-widget elementor-widget-text-editor\" data-id=\"1cef6fe\" data-element_type=\"widget\" data-e-type=\"widget\" data-widget_type=\"text-editor.default\">\n\t\t\t\t<div class=\"elementor-widget-container\">\n\t\t\t\t\t\t\t\t\t<p>O setor p\u00fablico enfrenta desafiadores obst\u00e1culos, como processos burocr\u00e1ticos excessivos, falta de transpar\u00eancia e a dificuldade em atender \u00e0s demandas reais da popula\u00e7\u00e3o. A aus\u00eancia de intelig\u00eancia operacional resulta em inefici\u00eancias, que podem gastar recursos valiosos e causar descontentamento entre os cidad\u00e3os. Se n\u00e3o evoluirmos para uma opera\u00e7\u00e3o h\u00edbrida, que una o f\u00edsico e o digital, estaremos fadados a um ciclo intermin\u00e1vel de insatisfa\u00e7\u00e3o.<\/p><p>Imagine um cidad\u00e3o que busca um servi\u00e7o p\u00fablico essencial, como uma solicita\u00e7\u00e3o de documento. Se o processo leva semanas devido \u00e0 falta de rastreamento e automa\u00e7\u00e3o, a frustra\u00e7\u00e3o se acumula. A digitaliza\u00e7\u00e3o \u00e9 mais do que uma tend\u00eancia; \u00e9 uma necessidade. Servi\u00e7os que n\u00e3o adotam uma vis\u00e3o em tempo real das opera\u00e7\u00f5es e n\u00e3o integram ambientes f\u00edsicos e digitais tendem a perder relev\u00e2ncia e confian\u00e7a da popula\u00e7\u00e3o.<\/p>\t\t\t\t\t\t\t\t<\/div>\n\t\t\t\t<\/div>\n\t\t\t\t<div class=\"elementor-element elementor-element-e9a38d4 elementor-widget elementor-widget-gum_heading\" data-id=\"e9a38d4\" data-element_type=\"widget\" data-e-type=\"widget\" data-widget_type=\"gum_heading.default\">\n\t\t\t\t<div class=\"elementor-widget-container\">\n\t\t\t\t\t<div class=\"gum-widget-title\"><h1 class=\"section-main-title size-default\"><span class=\"prefix\"><\/span><span class=\"maintitle\">Consequ\u00eancias de N\u00e3o Evoluir<\/span><span class=\"subfix\"><\/span><\/h1><\/div>\t\t\t\t<\/div>\n\t\t\t\t<\/div>\n\t\t\t\t<div class=\"elementor-element elementor-element-55f93e1 elementor-widget elementor-widget-text-editor\" data-id=\"55f93e1\" data-element_type=\"widget\" data-e-type=\"widget\" data-widget_type=\"text-editor.default\">\n\t\t\t\t<div class=\"elementor-widget-container\">\n\t\t\t\t\t\t\t\t\t<p>Manter-se estagnado no tempo pode ter consequ\u00eancias graves. Al\u00e9m de frustra\u00e7\u00f5es e insatisfa\u00e7\u00f5es crescentes, a inefici\u00eancia pode afetar a gest\u00e3o de recursos p\u00fablicos, levando a uma queda na qualidade dos servi\u00e7os prestados e, consequentemente, \u00e0 diminui\u00e7\u00e3o da participa\u00e7\u00e3o cidad\u00e3. As tecnologias de automa\u00e7\u00e3o e digitaliza\u00e7\u00e3o n\u00e3o s\u00e3o apenas ferramentas; elas representam a ponte para uma gest\u00e3o mais eficiente, onde todos ganham.<\/p><p>Felizmente, o mercado j\u00e1 oferece solu\u00e7\u00f5es maduras que podem transformar a forma como os servi\u00e7os p\u00fablicos s\u00e3o geridos. Organiza\u00e7\u00f5es t\u00eam explorado a conex\u00e3o entre o f\u00edsico e o digital, aproveitando tecnologia de ponta para otimizar processos. Essa transforma\u00e7\u00e3o n\u00e3o \u00e9 apenas desej\u00e1vel; \u00e9 necess\u00e1ria para que possamos efetivamente atender um p\u00fablico cada vez mais exigente.<\/p><p>A Trakii se destaca nesse cen\u00e1rio como uma refer\u00eancia em conectar estrat\u00e9gias operacionais com inova\u00e7\u00e3o, demonstrando que \u00e9 poss\u00edvel enxergar al\u00e9m do vis\u00edvel. Se voc\u00ea est\u00e1 buscando uma forma de melhorar a gest\u00e3o e a participa\u00e7\u00e3o cidad\u00e3, existe um caminho a ser explorado.<\/p>\t\t\t\t\t\t\t\t<\/div>\n\t\t\t\t<\/div>\n\t\t\t\t<div class=\"elementor-element elementor-element-dee3b99 elementor-widget elementor-widget-gum_heading\" data-id=\"dee3b99\" data-element_type=\"widget\" data-e-type=\"widget\" data-widget_type=\"gum_heading.default\">\n\t\t\t\t<div class=\"elementor-widget-container\">\n\t\t\t\t\t<div class=\"gum-widget-title\"><h1 class=\"section-main-title size-default\"><span class=\"prefix\"><\/span><span class=\"maintitle\">Conclus\u00e3o<\/span><span class=\"subfix\"><\/span><\/h1><\/div>\t\t\t\t<\/div>\n\t\t\t\t<\/div>\n\t\t\t\t<div class=\"elementor-element elementor-element-ee5a054 elementor-widget elementor-widget-text-editor\" data-id=\"ee5a054\" data-element_type=\"widget\" data-e-type=\"widget\" data-widget_type=\"text-editor.default\">\n\t\t\t\t<div class=\"elementor-widget-container\">\n\t\t\t\t\t\t\t\t\t<p>\u00c9 hora de refletirmos sobre o futuro dos nossos servi\u00e7os p\u00fablicos. Se voc\u00ea acredita que j\u00e1 passou da hora de enxergar o invis\u00edvel na sua opera\u00e7\u00e3o, conhe\u00e7a como a Trakii est\u00e1 ajudando empresas como a sua a realizar essa transforma\u00e7\u00e3o.<\/p>\t\t\t\t\t\t\t\t<\/div>\n\t\t\t\t<\/div>\n\t\t<div class=\"elementor-element elementor-element-23fa1c32 e-con-full e-flex e-con e-child\" data-id=\"23fa1c32\" data-element_type=\"container\" data-e-type=\"container\">\n\t\t\t\t<div class=\"elementor-element elementor-element-50a8047 elementor-widget-mobile__width-inherit elementor-widget__width-inherit elementor-widget elementor-widget-heading\" data-id=\"50a8047\" data-element_type=\"widget\" data-e-type=\"widget\" data-widget_type=\"heading.default\">\n\t\t\t\t<div class=\"elementor-widget-container\">\n\t\t\t\t\t<h5 class=\"elementor-heading-title elementor-size-default\">Posted By<\/h5>\t\t\t\t<\/div>\n\t\t\t\t<\/div>\n\t\t\t\t<div class=\"elementor-element elementor-element-43b3fe27 elementor-widget__width-auto elementor-widget elementor-widget-gum_post_share\" data-id=\"43b3fe27\" data-element_type=\"widget\" data-e-type=\"widget\" data-widget_type=\"gum_post_share.default\">\n\t\t\t\t<div class=\"elementor-widget-container\">\n\t\t\t\t\t   <a href=\"https:\/\/www.facebook.com\/sharer\/sharer.php?u=https:\/\/trakii.ai\/en\/blog\/\" class=\"share-link\">\r\n<span class=\"share-link-icon\">\r\n    <i aria-hidden=\"true\" class=\"icon icon-facebook-2\"><\/i><\/span>\r\n<\/a>    \r\n    \t\t\t\t<\/div>\n\t\t\t\t<\/div>\n\t\t\t\t<div class=\"elementor-element elementor-element-5baaee46 elementor-widget__width-auto elementor-widget elementor-widget-gum_post_share\" data-id=\"5baaee46\" data-element_type=\"widget\" data-e-type=\"widget\" data-widget_type=\"gum_post_share.default\">\n\t\t\t\t<div class=\"elementor-widget-container\">\n\t\t\t\t\t   <a href=\"#\" class=\"share-link\">\r\n<span class=\"share-link-icon\">\r\n    <i aria-hidden=\"true\" class=\"icon icon-instagram-1\"><\/i><\/span>\r\n<\/a>    \r\n    \t\t\t\t<\/div>\n\t\t\t\t<\/div>\n\t\t\t\t<\/div>\n\t\t\t\t<\/div>\n\t\t<div class=\"elementor-element elementor-element-27f403b5 e-con-full e-flex e-con e-child\" data-id=\"27f403b5\" data-element_type=\"container\" data-e-type=\"container\">\n\t\t<div class=\"elementor-element elementor-element-101fed2c e-con-full animated-fast e-flex elementor-invisible e-con e-child\" data-id=\"101fed2c\" data-element_type=\"container\" data-e-type=\"container\" data-settings=\"{&quot;background_background&quot;:&quot;classic&quot;,&quot;animation&quot;:&quot;fadeInUp&quot;,&quot;animation_mobile&quot;:&quot;none&quot;}\">\n\t\t\t\t<div class=\"elementor-element elementor-element-47ca0a74 elementor-widget-mobile__width-inherit elementor-widget elementor-widget-heading\" data-id=\"47ca0a74\" data-element_type=\"widget\" data-e-type=\"widget\" data-widget_type=\"heading.default\">\n\t\t\t\t<div class=\"elementor-widget-container\">\n\t\t\t\t\t<h5 class=\"elementor-heading-title elementor-size-default\">Publicado em<\/h5>\t\t\t\t<\/div>\n\t\t\t\t<\/div>\n\t\t\t\t<div class=\"elementor-element elementor-element-5b1dd0fb elementor-widget elementor-widget-gum_post_meta\" data-id=\"5b1dd0fb\" data-element_type=\"widget\" data-e-type=\"widget\" data-widget_type=\"gum_post_meta.default\">\n\t\t\t\t<div class=\"elementor-widget-container\">\n\t\t\t\t\t<ul class=\"posts-meta\"><li class=\"list-meta\"><i aria-hidden=\"true\" class=\"\"><\/i><span class=\"meta-text\">April 14, 2025<\/span><\/li><\/ul>\t\t\t\t<\/div>\n\t\t\t\t<\/div>\n\t\t\t\t<div class=\"elementor-element elementor-element-56df56e6 elementor-widget-mobile__width-inherit elementor-widget elementor-widget-heading\" data-id=\"56df56e6\" data-element_type=\"widget\" data-e-type=\"widget\" data-widget_type=\"heading.default\">\n\t\t\t\t<div class=\"elementor-widget-container\">\n\t\t\t\t\t<h5 class=\"elementor-heading-title elementor-size-default\">Postado por<\/h5>\t\t\t\t<\/div>\n\t\t\t\t<\/div>\n\t\t\t\t<div class=\"elementor-element elementor-element-52fc0da0 elementor-widget elementor-widget-gum_post_meta\" data-id=\"52fc0da0\" data-element_type=\"widget\" data-e-type=\"widget\" data-widget_type=\"gum_post_meta.default\">\n\t\t\t\t<div class=\"elementor-widget-container\">\n\t\t\t\t\t<ul class=\"posts-meta\"><li class=\"list-meta\"><i aria-hidden=\"true\" class=\"\"><\/i><span class=\"meta-text\">J\u00falia A.<\/span><\/li><\/ul>\t\t\t\t<\/div>\n\t\t\t\t<\/div>\n\t\t\t\t<\/div>\n\t\t\t\t<\/div>\n\t\t\t\t\t<\/div>\n\t\t\t\t<\/div>\n\t\t\t\t<\/div>","protected":false},"excerpt":{"rendered":"<p>Blog A Transforma\u00e7\u00e3o do Setor P\u00fablico Users 0 k Impress\u00f5es 0 k Post #105 Como a Inova\u00e7\u00e3o Pode Revolucionar a Gest\u00e3o de Servi\u00e7os e a Participa\u00e7\u00e3o Cidad\u00e3 Voc\u00ea sabia que cerca de 60% dos cidad\u00e3os se sentem insatisfeitos com os servi\u00e7os p\u00fablicos que recebem? Esta realidade evidencia a urg\u00eancia de transforma\u00e7\u00f5es no setor p\u00fablico, que [&hellip;]<\/p>","protected":false},"author":2,"featured_media":0,"parent":0,"menu_order":0,"comment_status":"closed","ping_status":"closed","template":"elementor_header_footer","meta":{"footnotes":""},"class_list":["post-1021","page","type-page","status-publish","hentry"],"jetpack_sharing_enabled":true,"_links":{"self":[{"href":"https:\/\/trakii.ai\/en\/wp-json\/wp\/v2\/pages\/1021","targetHints":{"allow":["GET"]}}],"collection":[{"href":"https:\/\/trakii.ai\/en\/wp-json\/wp\/v2\/pages"}],"about":[{"href":"https:\/\/trakii.ai\/en\/wp-json\/wp\/v2\/types\/page"}],"author":[{"embeddable":true,"href":"https:\/\/trakii.ai\/en\/wp-json\/wp\/v2\/users\/2"}],"replies":[{"embeddable":true,"href":"https:\/\/trakii.ai\/en\/wp-json\/wp\/v2\/comments?post=1021"}],"version-history":[{"count":37,"href":"https:\/\/trakii.ai\/en\/wp-json\/wp\/v2\/pages\/1021\/revisions"}],"predecessor-version":[{"id":1261,"href":"https:\/\/trakii.ai\/en\/wp-json\/wp\/v2\/pages\/1021\/revisions\/1261"}],"wp:attachment":[{"href":"https:\/\/trakii.ai\/en\/wp-json\/wp\/v2\/media?parent=1021"}],"curies":[{"name":"wp","href":"https:\/\/api.w.org\/{rel}","templated":true}]}}