{"id":224,"date":"2025-03-23T15:24:11","date_gmt":"2025-03-23T15:24:11","guid":{"rendered":"https:\/\/trakii.ai\/?page_id=224"},"modified":"2025-06-23T16:29:22","modified_gmt":"2025-06-23T16:29:22","slug":"termo-de-uso","status":"publish","type":"page","link":"https:\/\/trakii.ai\/en\/termo-de-uso\/","title":{"rendered":"Terms of Use"},"content":{"rendered":"<div data-elementor-type=\"wp-page\" data-elementor-id=\"224\" class=\"elementor elementor-224\" data-elementor-post-type=\"page\">\n\t\t\t\t<div class=\"elementor-element elementor-element-6b16139e e-flex e-con-boxed e-con e-parent\" data-id=\"6b16139e\" data-element_type=\"container\" data-e-type=\"container\" data-settings=\"{&quot;background_background&quot;:&quot;gradient&quot;}\">\n\t\t\t\t\t<div class=\"e-con-inner\">\n\t\t<div class=\"elementor-element elementor-element-b95e05b e-con-full e-flex e-con e-child\" data-id=\"b95e05b\" data-element_type=\"container\" data-e-type=\"container\">\n\t\t\t\t<div class=\"elementor-element elementor-element-66904252 elementor-widget elementor-widget-heading\" data-id=\"66904252\" data-element_type=\"widget\" data-e-type=\"widget\" data-widget_type=\"heading.default\">\n\t\t\t\t<div class=\"elementor-widget-container\">\n\t\t\t\t\t<h4 class=\"elementor-heading-title elementor-size-default\">Terms of Use<\/h4>\t\t\t\t<\/div>\n\t\t\t\t<\/div>\n\t\t\t\t<div class=\"elementor-element elementor-element-2823ae00 elementor-widget elementor-widget-text-editor\" data-id=\"2823ae00\" data-element_type=\"widget\" data-e-type=\"widget\" data-widget_type=\"text-editor.default\">\n\t\t\t\t<div class=\"elementor-widget-container\">\n\t\t\t\t\t\t\t\t\t<p><strong>1\u00aa Bem-vindo(a) ao Termo de Uso da TRAKII<\/strong><\/p><p><strong>1.1.<\/strong> A <strong>TRAKII<\/strong> informa que todas as quest\u00f5es relacionadas ao uso de seus Aplicativos ser\u00e3o regidas e interpretadas de acordo com os termos e condi\u00e7\u00f5es aqui descritos, bem como aqueles previstos na Pol\u00edtica de Privacidade. Ao utilizar nossos servi\u00e7os, voc\u00ea confirma que leu, compreendeu e est\u00e1 de acordo com os termos previstos, comprometendo-se a cumpri-los de forma integral.<\/p><p><strong>2\u00aa Do uso<\/strong><\/p><p><strong>2.1.<\/strong> A <strong>TRAKII<\/strong> concede ao usu\u00e1rio permiss\u00e3o para baixar seus aplicativos, apenas para utiliza\u00e7\u00e3o transit\u00f3ria pessoal e n\u00e3o comercial. Esta \u00e9 a concess\u00e3o de uma licen\u00e7a, n\u00e3o uma transfer\u00eancia de t\u00edtulo e, sob esta licen\u00e7a, voc\u00ea n\u00e3o pode:<\/p><ul><li>Modificar ou copiar os materiais (alterar perfil e informa\u00e7\u00f5es);<\/li><li>Remover quaisquer direitos autorais ou outras nota\u00e7\u00f5es de propriedade dos materiais ou aplicativos; ou<\/li><li>Transferir os materiais para outra pessoa ou &#8216;espelhar&#8217; os materiais em qualquer outro servidor.<\/li><\/ul><p>Esta licen\u00e7a ser\u00e1 automaticamente rescindida se voc\u00ea violar alguma dessas restri\u00e7\u00f5es e poder\u00e1 ser rescindida pela <strong>TRAKII<\/strong> a qualquer momento, podendo ocorrer com o encerramento da visualiza\u00e7\u00e3o desses materiais ou ap\u00f3s o t\u00e9rmino desta licen\u00e7a. Assim, voc\u00ea deve apagar todos os materiais baixados ou aplicativos em sua posse, seja em formato eletr\u00f4nico ou impresso.<\/p><p><strong>2.2.<\/strong> A utiliza\u00e7\u00e3o do aplicativo pelo Usu\u00e1rio possui car\u00e1ter pessoal e intransfer\u00edvel e est\u00e1 autorizada unicamente para fins l\u00edcitos relacionados ao prop\u00f3sito a que o aplicativo se destina.<\/p><p><strong>2.3.<\/strong> Se Voc\u00ea for menor de 18 anos, para valer-se dos servi\u00e7os da <strong>TRAKII<\/strong> \u00e9 obrigat\u00f3ria a anu\u00eancia e autoriza\u00e7\u00e3o de seu respons\u00e1vel legal.<\/p><p><strong>2.4.<\/strong> Caso Voc\u00ea n\u00e3o concorde com estes Termos de Uso ou com a Legisla\u00e7\u00e3o Aplic\u00e1vel, voc\u00ea n\u00e3o poder\u00e1 acessar o Aplicativo e deve descontinuar seu uso imediatamente.<\/p><p><strong>2.5.<\/strong> \u00c9 proibido:<\/p><p>(i) Selecionar ou usar o nome de outra pessoa como nome de usu\u00e1rio com a inten\u00e7\u00e3o de se passar por essa pessoa; ou<br \/>(ii) Usar um nome cujos direitos pertencem a outra pessoa como nome de usu\u00e1rio, sem a devida autoriza\u00e7\u00e3o. Ao seu exclusivo crit\u00e9rio, a <strong>TRAKII<\/strong> reserva o direito de rejeitar ou cancelar um nome de usu\u00e1rio.<\/p><p><strong>2.6.<\/strong> Voc\u00ea poder\u00e1 ser responsabilizado por perdas sofridas pela <strong>TRAKII<\/strong> ou qualquer usu\u00e1rio ou visitante do Aplicativo se a sua conta for usada em desacordo com os Termos de Uso e Pol\u00edtica de Privacidade. Nesse caso, voc\u00ea concorda em indenizar a <strong>TRAKII<\/strong> contra qualquer perda sofrida por terceiros em detrimento dos resultados dessas a\u00e7\u00f5es.<\/p><p><strong>2.7.<\/strong> Suas escolhas e informa\u00e7\u00f5es pessoais podem ser atualizadas a qualquer momento em sua conta para fazer quaisquer atualiza\u00e7\u00f5es ou altera\u00e7\u00f5es.<\/p><p><strong>3\u00aa Limita\u00e7\u00e3o de responsabilidade<\/strong><\/p><p><strong>3.1.<\/strong> A <strong>TRAKII<\/strong> responde pelos seus servi\u00e7os e pelo gerenciamento do aplicativo em rela\u00e7\u00e3o aos usu\u00e1rios.<\/p><p><strong>3.2.<\/strong> Voc\u00ea \u00e9 respons\u00e1vel pela(s) atualiza\u00e7\u00e3o(\u00f5es) de seu cadastro. Caso n\u00e3o o fa\u00e7a e tenha problemas na sua utiliza\u00e7\u00e3o, a <strong>TRAKII<\/strong> estar\u00e1 isenta de responsabilidade por quaisquer perdas e danos.<\/p><p><strong>3.3.<\/strong> A <strong>TRAKII<\/strong> n\u00e3o declara ou garante que os materiais no site ou aplicativos ser\u00e3o livres de perdas, defeitos, ataques, v\u00edrus, interfer\u00eancias, atividades de hackers ou outra intrus\u00e3o de seguran\u00e7a, e renuncia a qualquer responsabilidade com rela\u00e7\u00e3o a isso por ser culpa de terceiros.<\/p><p><strong>3.4.<\/strong> AT\u00c9 A EXTENS\u00c3O PERMITIDA POR LEI APLIC\u00c1VEL, a <strong>TRAKII<\/strong> n\u00e3o ser\u00e1 responsabilizada diante de voc\u00ea ou qualquer outra parte por qualquer dano indireto, emergente, t\u00edpico, incidental, especial ou punitivo, incluindo, sem limitar, lucros cessantes em decorr\u00eancia de seu uso ou incapacidade de usar ou acessar os servi\u00e7os e conte\u00fado do aplicativo, mesmo quando a <strong>TRAKII<\/strong> for notificada da possibilidade desses danos.<\/p><p><strong>3.5.<\/strong> No limite permitido por lei, tamb\u00e9m nos eximimos de todas as garantias, expl\u00edcitas ou impl\u00edcitas, inclusive as garantias impl\u00edcitas de comercialidade, adequa\u00e7\u00e3o a uma determinada finalidade, t\u00edtulo e n\u00e3o viola\u00e7\u00e3o.<\/p><p><strong>Onde armazenamos e processamos seus dados<\/strong><\/p><p>A <strong>TRAKII<\/strong> utiliza o servi\u00e7o de armazenamento, gerenciamento e processamento de dados atrav\u00e9s do servi\u00e7o de cloud computing realizada por seu parceiro Digital Ocean, que atua como provedora dos servi\u00e7os ora descritos, para fins de melhorar o desempenho e proteger os dados no caso de uma falha ou outro problema.<\/p><p>O servi\u00e7o de cloud computing \u00e9 uma tecnologia com base na cultura de servi\u00e7os que se encontra armazenada na nuvem do provedor do e-mail da empresa <strong>TRAKII<\/strong>, oferecendo ao cliente maior seguran\u00e7a, facilidade de acesso aos dados e privacidade.<\/p><p><strong>4\u00aa Efici\u00eancia dos materiais<\/strong><\/p><p><strong>4.1.<\/strong> Os materiais exibidos no site da <strong>TRAKII<\/strong> podem incluir erros t\u00e9cnicos, tipogr\u00e1ficos ou fotogr\u00e1ficos e, portanto, a <strong>TRAKII<\/strong> n\u00e3o garante que qualquer material em seu site seja preciso, completo ou atual.<\/p><p><strong>4.2.<\/strong> A <strong>TRAKII<\/strong> pode fazer altera\u00e7\u00f5es nos materiais contidos em seu site a qualquer momento, sem aviso pr\u00e9vio. No entanto, n\u00e3o se compromete a atualizar os materiais pessoais, sendo essa responsabilidade do usu\u00e1rio.<\/p><p><strong>Legisla\u00e7\u00e3o Aplic\u00e1vel<\/strong><\/p><p>Sem preju\u00edzo do acima exposto, ser\u00e3o aplic\u00e1veis todas as disposi\u00e7\u00f5es previstas na legisla\u00e7\u00e3o aplic\u00e1vel, incluindo, mas sem limita\u00e7\u00e3o, a Lei n.\u00ba 12.965, de 23 de abril de 2014, denominada Marco Civil da Internet, LGPD, bem como quaisquer altera\u00e7\u00f5es a estas leis (\u201cLegisla\u00e7\u00e3o Aplic\u00e1vel\u201d).<\/p><p><strong>Modifica\u00e7\u00f5es aos Termos de Uso e Pol\u00edtica de Privacidade<\/strong><\/p><p>A <strong>TRAKII<\/strong> se reserva o direito de modificar estes Termos de Uso, bem como sua Pol\u00edtica de Privacidade a qualquer momento, sendo certo que cada altera\u00e7\u00e3o entrar\u00e1 em vigor a partir de sua publica\u00e7\u00e3o. O uso continuado do aplicativo ou site por voc\u00ea, ap\u00f3s qualquer altera\u00e7\u00e3o, representa sua aceita\u00e7\u00e3o dos Termos de Uso e da Pol\u00edtica de Privacidade modificada, motivo pelo qual recomendamos que \u00e9 importante rever estes Termos regularmente.<\/p>\t\t\t\t\t\t\t\t<\/div>\n\t\t\t\t<\/div>\n\t\t<div class=\"elementor-element elementor-element-5195fe6c e-con-full e-flex e-con e-child\" data-id=\"5195fe6c\" data-element_type=\"container\" data-e-type=\"container\" data-settings=\"{&quot;background_background&quot;:&quot;classic&quot;}\">\n\t\t<div class=\"elementor-element elementor-element-4b93e507 e-con-full e-flex e-con e-child\" data-id=\"4b93e507\" data-element_type=\"container\" data-e-type=\"container\">\n\t\t\t\t<div class=\"elementor-element elementor-element-74fe928e elementor-widget__width-initial elementor-widget elementor-widget-heading\" data-id=\"74fe928e\" data-element_type=\"widget\" data-e-type=\"widget\" data-widget_type=\"heading.default\">\n\t\t\t\t<div class=\"elementor-widget-container\">\n\t\t\t\t\t<h2 class=\"elementor-heading-title elementor-size-default\">D\u00favidas?<\/h2>\t\t\t\t<\/div>\n\t\t\t\t<\/div>\n\t\t\t\t<div class=\"elementor-element elementor-element-cd5a3f9 elementor-widget elementor-widget-text-editor\" data-id=\"cd5a3f9\" data-element_type=\"widget\" data-e-type=\"widget\" data-widget_type=\"text-editor.default\">\n\t\t\t\t<div class=\"elementor-widget-container\">\n\t\t\t\t\t\t\t\t\t<p>Se voc\u00ea tiver qualquer d\u00favida sobre este conte\u00fado, entre em contato conosco clicando no bot\u00e3o ao lado. Nossa equipe est\u00e1 pronta para te ajudar!<\/p>\t\t\t\t\t\t\t\t<\/div>\n\t\t\t\t<\/div>\n\t\t\t\t<\/div>\n\t\t<div class=\"elementor-element elementor-element-5b0709c e-con-full e-flex e-con e-child\" data-id=\"5b0709c\" data-element_type=\"container\" data-e-type=\"container\">\n\t\t\t\t<div class=\"elementor-element elementor-element-4f212eb8 elementor-mobile-align-justify elementor-widget-mobile__width-inherit elementor-align-center elementor-invisible elementor-widget elementor-widget-button\" data-id=\"4f212eb8\" data-element_type=\"widget\" data-e-type=\"widget\" data-settings=\"{&quot;_animation&quot;:&quot;fadeInUp&quot;}\" data-widget_type=\"button.default\">\n\t\t\t\t<div class=\"elementor-widget-container\">\n\t\t\t\t\t\t\t\t\t<div class=\"elementor-button-wrapper\">\n\t\t\t\t\t<a class=\"elementor-button elementor-button-link elementor-size-sm\" href=\"#\">\n\t\t\t\t\t\t<span class=\"elementor-button-content-wrapper\">\n\t\t\t\t\t\t<span class=\"elementor-button-icon\">\n\t\t\t\t<svg aria-hidden=\"true\" class=\"e-font-icon-svg e-fas-arrow-right\" viewbox=\"0 0 448 512\" xmlns=\"http:\/\/www.w3.org\/2000\/svg\"><path d=\"M190.5 66.9l22.2-22.2c9.4-9.4 24.6-9.4 33.9 0L441 239c9.4 9.4 9.4 24.6 0 33.9L246.6 467.3c-9.4 9.4-24.6 9.4-33.9 0l-22.2-22.2c-9.5-9.5-9.3-25 .4-34.3L311.4 296H24c-13.3 0-24-10.7-24-24v-32c0-13.3 10.7-24 24-24h287.4L190.9 101.2c-9.8-9.3-10-24.8-.4-34.3z\"><\/path><\/svg>\t\t\t<\/span>\n\t\t\t\t\t\t\t\t\t<span class=\"elementor-button-text\">Entrar em contato<\/span>\n\t\t\t\t\t<\/span>\n\t\t\t\t\t<\/a>\n\t\t\t\t<\/div>\n\t\t\t\t\t\t\t\t<\/div>\n\t\t\t\t<\/div>\n\t\t\t\t<\/div>\n\t\t\t\t<\/div>\n\t\t\t\t<\/div>\n\t\t\t\t\t<\/div>\n\t\t\t\t<\/div>\n\t\t\t\t<\/div>","protected":false},"excerpt":{"rendered":"<p>Termo de Uso 1\u00aa Bem-vindo(a) ao Termo de Uso da TRAKII 1.1. A TRAKII informa que todas as quest\u00f5es relacionadas ao uso de seus Aplicativos ser\u00e3o regidas e interpretadas de acordo com os termos e condi\u00e7\u00f5es aqui descritos, bem como aqueles previstos na Pol\u00edtica de Privacidade. Ao utilizar nossos servi\u00e7os, voc\u00ea confirma que leu, compreendeu [&hellip;]<\/p>","protected":false},"author":2,"featured_media":0,"parent":0,"menu_order":0,"comment_status":"closed","ping_status":"closed","template":"elementor_header_footer","meta":{"footnotes":""},"class_list":["post-224","page","type-page","status-publish","hentry"],"jetpack_sharing_enabled":true,"_links":{"self":[{"href":"https:\/\/trakii.ai\/en\/wp-json\/wp\/v2\/pages\/224","targetHints":{"allow":["GET"]}}],"collection":[{"href":"https:\/\/trakii.ai\/en\/wp-json\/wp\/v2\/pages"}],"about":[{"href":"https:\/\/trakii.ai\/en\/wp-json\/wp\/v2\/types\/page"}],"author":[{"embeddable":true,"href":"https:\/\/trakii.ai\/en\/wp-json\/wp\/v2\/users\/2"}],"replies":[{"embeddable":true,"href":"https:\/\/trakii.ai\/en\/wp-json\/wp\/v2\/comments?post=224"}],"version-history":[{"count":22,"href":"https:\/\/trakii.ai\/en\/wp-json\/wp\/v2\/pages\/224\/revisions"}],"predecessor-version":[{"id":1346,"href":"https:\/\/trakii.ai\/en\/wp-json\/wp\/v2\/pages\/224\/revisions\/1346"}],"wp:attachment":[{"href":"https:\/\/trakii.ai\/en\/wp-json\/wp\/v2\/media?parent=224"}],"curies":[{"name":"wp","href":"https:\/\/api.w.org\/{rel}","templated":true}]}}